{"id":13,"date":"2025-12-11T16:50:00","date_gmt":"2025-12-11T16:50:00","guid":{"rendered":"https:\/\/sportclaim.wpenginepowered.com\/?page_id=13"},"modified":"2026-04-27T15:27:18","modified_gmt":"2026-04-27T15:27:18","slug":"13-2","status":"publish","type":"page","link":"https:\/\/sportclaim.it\/","title":{"rendered":""},"content":{"rendered":"<div class=\"wpb-content-wrapper\"><p>[vc_row content_placement=&#8221;middle&#8221;][vc_column][vc_single_image image=&#8221;49&#8243; img_size=&#8221;full&#8221; alignment=&#8221;center&#8221; css=&#8221;.vc_custom_1765471798523{margin-top: 0px !important;margin-bottom: 0px !important;border-top-width: 0px !important;padding-top: 0px !important;}&#8221;][vc_empty_space height=&#8221;40px&#8221;][\/vc_column][\/vc_row][vc_row][vc_column][vc_column_text css=&#8221;&#8221;]<\/p>\n<h4 style=\"text-align: center;\"><strong>sportClaim \u00e8 la piattaforma digitale di PIB Italia per la gestione dei sinistri aperti dai tesserati FIGC<\/strong><\/h4>\n<p style=\"text-align: center;\">La piattaforma ti consente di inoltrare le richieste di risarcimento, insieme alla documentazione necessaria, in modo completamente digitale.<\/p>\n<p style=\"text-align: center;\">sportClaim offre un\u2019esperienza d\u2019uso semplice e intuitiva garantendo al tempo stesso una gestione efficiente delle pratiche per le compagnie assicurative partner.<\/p>\n<p>[\/vc_column_text][vc_empty_space height=&#8221;40px&#8221;][\/vc_column][\/vc_row][vc_row][vc_column width=&#8221;1\/3&#8243;][vc_hoverbox image=&#8221;46&#8243; primary_title=&#8221;SETTORE GIOVANILE E SCOLASTICO&#8221; primary_title_font_container=&#8221;color:%23FFFFFF&#8221; primary_title_google_fonts=&#8221;font_family:Roboto%3A100%2C100italic%2C300%2C300italic%2Cregular%2Citalic%2C500%2C500italic%2C700%2C700italic%2C900%2C900italic|font_style:400%20regular%3A400%3Anormal&#8221; hover_title=&#8221;&#8221; use_custom_fonts_primary_title=&#8221;true&#8221;]Giovanissimi, Allievi, Pulcini, Esordienti, Primi Calci, Piccoli Amici<\/p>\n<p>Dirigenti societ\u00e0 sportive<\/p>\n<p>Allenatori, Massaggiatori, Tecnici[\/vc_hoverbox][\/vc_column][vc_column width=&#8221;1\/3&#8243;][vc_hoverbox image=&#8221;48&#8243; primary_title=&#8221;DIVISIONE CALCIO FEMMINILE&#8221; primary_title_font_container=&#8221;color:%23FFFFFF&#8221; primary_title_google_fonts=&#8221;font_family:Roboto%3A100%2C100italic%2C300%2C300italic%2Cregular%2Citalic%2C500%2C500italic%2C700%2C700italic%2C900%2C900italic|font_style:400%20regular%3A400%3Anormal&#8221; hover_title=&#8221;&#8221; use_custom_fonts_primary_title=&#8221;true&#8221;]<\/p>\n<p style=\"text-align: center;\">Calciatrici<\/p>\n<p style=\"text-align: center;\">Dirigenti societ\u00e0 sportive<\/p>\n<p style=\"text-align: center;\">Allenatori, Massaggiatori, Tecnici<\/p>\n<p>[\/vc_hoverbox][\/vc_column][vc_column width=&#8221;1\/3&#8243;][vc_hoverbox image=&#8221;47&#8243; primary_title=&#8221;DIVISIONE CALCIO PARALIMPICO E SPERIMENTALE&#8221; primary_title_font_container=&#8221;color:%23FFFFFF&#8221; primary_title_google_fonts=&#8221;font_family:Roboto%3A100%2C100italic%2C300%2C300italic%2Cregular%2Citalic%2C500%2C500italic%2C700%2C700italic%2C900%2C900italic|font_style:400%20regular%3A400%3Anormal&#8221; hover_title=&#8221;&#8221; use_custom_fonts_primary_title=&#8221;true&#8221;]<\/p>\n<p style=\"text-align: center;\">Calciatori<\/p>\n<p style=\"text-align: center;\">Dirigenti societ\u00e0 sportive<\/p>\n<p style=\"text-align: center;\">Allenatori, Massaggiatori, Tecnici<\/p>\n<p>[\/vc_hoverbox][\/vc_column][\/vc_row][vc_row][vc_column][vc_empty_space height=&#8221;40px&#8221; el_class=&#8221;spaceNoTime&#8221;][vc_single_image image=&#8221;40&#8243; img_size=&#8221;full&#8221; alignment=&#8221;center&#8221; css=&#8221;.vc_custom_1771409383697{margin-bottom: 0px !important;}&#8221;][vc_empty_space height=&#8221;40px&#8221;][\/vc_column][\/vc_row][vc_row][vc_column][vc_custom_heading text=&#8221;Vuoi aprire un sinistro?&#8221; font_container=&#8221;tag:h2|text_align:center|color:%23DDBA0E&#8221; google_fonts=&#8221;font_family:Roboto%3A100%2C100italic%2C300%2C300italic%2Cregular%2Citalic%2C500%2C500italic%2C700%2C700italic%2C900%2C900italic|font_style:300%20light%20regular%3A300%3Anormal&#8221; css=&#8221;&#8221;][vc_column_text css=&#8221;&#8221;]<\/p>\n<p style=\"text-align: center;\">Accedi o registrati al portale sportClaim e avvia la pratica online in pochi minuti<\/p>\n<p>[\/vc_column_text][\/vc_column][\/vc_row][vc_row][vc_column][vc_custom_heading text=&#8221;Hai gi\u00e0 aperto un sinistro e vuoi informazioni?&#8221; font_container=&#8221;tag:h2|text_align:center|color:%23DDBA0E&#8221; google_fonts=&#8221;font_family:Roboto%3A100%2C100italic%2C300%2C300italic%2Cregular%2Citalic%2C500%2C500italic%2C700%2C700italic%2C900%2C900italic|font_style:300%20light%20regular%3A300%3Anormal&#8221; css=&#8221;&#8221;][vc_column_text css=&#8221;&#8221;]<\/p>\n<p style=\"text-align: center;\">Accedi alla tua area personale per verificare lo stato della pratica, caricare documenti o ricevere aggiornamenti<\/p>\n<p>[\/vc_column_text][\/vc_column][\/vc_row][vc_row][vc_column][vc_custom_heading text=&#8221;Vuoi altre informazioni?&#8221; font_container=&#8221;tag:h2|text_align:center|color:%23DDBA0E&#8221; google_fonts=&#8221;font_family:Roboto%3A100%2C100italic%2C300%2C300italic%2Cregular%2Citalic%2C500%2C500italic%2C700%2C700italic%2C900%2C900italic|font_style:300%20light%20regular%3A300%3Anormal&#8221; css=&#8221;&#8221;][vc_column_text css=&#8221;.vc_custom_1771409529100{margin-bottom: 0px !important;}&#8221;]<\/p>\n<p style=\"text-align: center;\">All&#8217;interno della piattaforma trovi tutte le informazioni utili alla gestione del tuo sinistro<\/p>\n<p>[\/vc_column_text][\/vc_column][\/vc_row][vc_row][vc_column][vc_empty_space height=&#8221;40px&#8221;][vc_single_image image=&#8221;40&#8243; img_size=&#8221;full&#8221; alignment=&#8221;center&#8221; css=&#8221;.vc_custom_1771409670973{margin-bottom: 0px !important;}&#8221;][vc_empty_space height=&#8221;40px&#8221;][vc_custom_heading text=&#8221;Accedi o registrati a sportClaim&#8221; font_container=&#8221;tag:h2|text_align:center|color:%23DDBA0E&#8221; google_fonts=&#8221;font_family:Roboto%3A100%2C100italic%2C300%2C300italic%2Cregular%2Citalic%2C500%2C500italic%2C700%2C700italic%2C900%2C900italic|font_style:300%20light%20regular%3A300%3Anormal&#8221; css=&#8221;&#8221;][vc_empty_space height=&#8221;20px&#8221;][vc_btn title=&#8221;CLICCA QUI&#8221; style=&#8221;custom&#8221; custom_background=&#8221;#DDBA0E&#8221; custom_text=&#8221;#2E3538&#8243; align=&#8221;center&#8221; css_animation=&#8221;none&#8221; css=&#8221;.vc_custom_1765555445590{background-color: #DDBA0E00 !important;border-color: #DDBA0E00 !important;}&#8221; link=&#8221;url:https%3A%2F%2Fsinistri.sportclaim.it|target:_blank&#8221;][\/vc_column][\/vc_row][vc_row][vc_column][vc_empty_space height=&#8221;40px&#8221;][vc_single_image image=&#8221;40&#8243; img_size=&#8221;full&#8221; alignment=&#8221;center&#8221; css=&#8221;.vc_custom_1771409407297{margin-bottom: 0px !important;}&#8221;][vc_empty_space height=&#8221;40px&#8221;][\/vc_column][\/vc_row][vc_row][vc_column][vc_custom_heading text=&#8221;Scarica le condizioni di polizza&#8221; font_container=&#8221;tag:h2|text_align:center|color:%23DDBA0E&#8221; google_fonts=&#8221;font_family:Roboto%3A100%2C100italic%2C300%2C300italic%2Cregular%2Citalic%2C500%2C500italic%2C700%2C700italic%2C900%2C900italic|font_style:300%20light%20regular%3A300%3Anormal&#8221; css=&#8221;&#8221;][vc_column_text css=&#8221;&#8221;]<\/p>\n<p style=\"text-align: center;\">Per visionare la documentazione e le istruzioni utili per aprire il tuo sinistro ti invitiamo a scaricare l&#8217;estratto delle condizioni di polizza<\/p>\n<p>[\/vc_column_text][vc_icon icon_fontawesome=&#8221;fa fa-solid fa-cloud-arrow-down&#8221; color=&#8221;custom&#8221; size=&#8221;lg&#8221; align=&#8221;center&#8221; css_animation=&#8221;none&#8221; css=&#8221;.vc_custom_1765900803547{margin-bottom: 0px !important;}&#8221; custom_color=&#8221;#DDBA0E&#8221; link=&#8221;url:https%3A%2F%2Fsportclaim.it%2Fwp-content%2Fuploads%2F2025%2F12%2Fm07-condizioni-polizza-22.pdf|target:_blank&#8221;][\/vc_column][\/vc_row][vc_row][vc_column][vc_empty_space height=&#8221;40px&#8221;][vc_single_image image=&#8221;40&#8243; img_size=&#8221;full&#8221; alignment=&#8221;center&#8221; css=&#8221;.vc_custom_1771409436800{margin-bottom: 0px !important;}&#8221;][vc_empty_space height=&#8221;40px&#8221;][\/vc_column][\/vc_row][vc_row][vc_column][vc_custom_heading text=&#8221;FAQ&#8221; font_container=&#8221;tag:h2|text_align:center|color:%23DDBA0E&#8221; google_fonts=&#8221;font_family:Roboto%3A100%2C100italic%2C300%2C300italic%2Cregular%2Citalic%2C500%2C500italic%2C700%2C700italic%2C900%2C900italic|font_style:300%20light%20regular%3A300%3Anormal&#8221; css=&#8221;&#8221;][vc_toggle title=&#8221;Domande generali sulla copertura del servizio sportClaim&#8221; custom_font_container=&#8221;tag:h3|font_size:20|text_align:left|color:%232E3538&#8243; custom_google_fonts=&#8221;font_family:Roboto%3A100%2C100italic%2C300%2C300italic%2Cregular%2Citalic%2C500%2C500italic%2C700%2C700italic%2C900%2C900italic|font_style:300%20light%20regular%3A300%3Anormal&#8221; css=&#8221;&#8221; use_custom_heading=&#8221;true&#8221;]<\/p>\n<ol>\n<li><strong>Sono assicurato? Come faccio a saperlo?<\/strong><br \/>\nSei assicurato se:<\/p>\n<ul>\n<li>sei tesserato FIGC per la stagione in corso (giocatore, dirigente, allenatore, tecnico, ecc.),<\/li>\n<li style=\"text-align: left;\">risulti nell&#8217;elenco tesserati della tua societ\u00e0 (tabulato) o hai un tesserino \/ certificato assicurativo valido.<\/li>\n<\/ul>\n<p>Prima di chiamare tieni a portata di mano:<\/p>\n<ul>\n<li>numero di matricola FIGC,<\/li>\n<li>nome della societ\u00e0 sportiva,<\/li>\n<li>eventuale copia del tesserino o del certificato assicurativo.<\/li>\n<\/ul>\n<\/li>\n<li><strong>Che tipi di infortuni copre la polizza FIGC?<br \/>\n<\/strong>La polizza copre gli infortuni avvenuti in occasione di attivit\u00e0 connesse al calcio FIGC (allenamenti, gare, trasferte, attivit\u00e0 ufficiali), quando l&#8217;evento \u00e8 fortuito, violento, esterno e provoca una lesione fisica accertata da un medico.<\/li>\n<li><strong>La polizza vale solo durante la partita o anche in allenamento e in trasferta?<br \/>\n<\/strong>La copertura normalmente vale per:<\/p>\n<ul>\n<li style=\"list-style-type: none;\">\n<ul>\n<li>gare ufficiali,<\/li>\n<li>allenamenti,<\/li>\n<li>spostamenti collegati all&#8217;attivit\u00e0 sportiva (se previsti in polizza),<\/li>\n<li>attivit\u00e0 ufficiali organizzate dalla societ\u00e0 sotto l&#8217;egida di FIGC.<\/li>\n<\/ul>\n<\/li>\n<\/ul>\n<p>In caso di dubbio, durante la chiamata ti verr\u00e0 chiesto dove, quando e in che contesto \u00e8 avvenuto l&#8217;infortunio.<\/li>\n<\/ol>\n<p>[\/vc_toggle][vc_toggle title=&#8221;Apertura del sinistro&#8221; custom_font_container=&#8221;tag:h3|font_size:20|text_align:left|color:%232E3538&#8243; custom_google_fonts=&#8221;font_family:Roboto%3A100%2C100italic%2C300%2C300italic%2Cregular%2Citalic%2C500%2C500italic%2C700%2C700italic%2C900%2C900italic|font_style:300%20light%20regular%3A300%3Anormal&#8221; css=&#8221;&#8221; use_custom_heading=&#8221;true&#8221;]<\/p>\n<ol>\n<li><strong> Entro quando devo denunciare l&#8217;infortunio?<\/strong><br \/>\n\u00c8 importante denunciare l\u2019infortunio il prima possibile. In generale la denuncia va fatta entro un certo numero di giorni dalla data dell\u2019evento (il numero \u00e8 indicato nelle condizioni di polizza).<br \/>\nSe sei in ritardo, fallo comunque: sar\u00e0 l\u2019ufficio sinistri a valutare la situazione.<\/li>\n<\/ol>\n<ol start=\"2\">\n<li><strong> Come posso aprire un sinistro?<\/strong><br \/>\nPuoi aprire il sinistro attraverso il portale online, seguendo questi passaggi:<\/p>\n<ul>\n<li>compilare il form,<\/li>\n<li>allegare i documenti,<\/li>\n<li>inviare la denuncia.<\/li>\n<\/ul>\n<\/li>\n<\/ol>\n<ol start=\"3\">\n<li><b>Cosa devo avere pronto prima di chiamare o prima di compilare il modulo?<\/b>\n<ul>\n<li>dati anagrafici tuoi (o del minore) e del genitore\/tutore se sei minorenne,<\/li>\n<li>numero di matricola FIGC e nome della societ\u00e0,<\/li>\n<li>data, ora e luogo dell\u2019infortunio,<\/li>\n<li>descrizione di come \u00e8 avvenuto l\u2019evento (dinamica),<\/li>\n<li>certificato di Pronto Soccorso o il primo certificato medico,<\/li>\n<li>eventuali referti (radiografie, RMN, ecografie, ecc.),<\/li>\n<li>IBAN per la liquidazione, se gi\u00e0 disponibile.<\/li>\n<\/ul>\n<p>In caso di dubbio, durante la chiamata ti verr\u00e0 chiesto dove, quando e in che contesto \u00e8 avvenuto l\u2019infortunio.<\/li>\n<\/ol>\n<p>[\/vc_toggle][vc_toggle title=&#8221;Documentazione da preparare&#8221; custom_font_container=&#8221;tag:h3|font_size:20|text_align:left|color:%232E3538&#8243; custom_google_fonts=&#8221;font_family:Roboto%3A100%2C100italic%2C300%2C300italic%2Cregular%2Citalic%2C500%2C500italic%2C700%2C700italic%2C900%2C900italic|font_style:300%20light%20regular%3A300%3Anormal&#8221; css=&#8221;&#8221; use_custom_heading=&#8221;true&#8221;]<\/p>\n<ol>\n<li><strong> Quali documenti sono obbligatori per aprire un sinistro?<\/strong>\n<ul>\n<li>Certificato di Pronto Soccorso o certificato del medico che ti ha visitato per primo,<\/li>\n<li>Modulo di denuncia compilato (online o cartaceo),<\/li>\n<li>Prova del tesseramento (tesserino FIGC, certificato assicurativo o indicazione che sei nel tabulato della societ\u00e0).<\/li>\n<\/ul>\n<\/li>\n<\/ol>\n<ol start=\"2\">\n<li><strong> Quando devo inviare referti, cartella clinica, fatture, ecc?<\/strong>\n<ul>\n<li>Appena disponibili,<\/li>\n<li>Se hai gi\u00e0 referti (RX, RMN, ecc) allegali subito,<\/li>\n<li>Le fatture di spese mediche puoi inviarle anche dopo, verranno aggiunte alla pratica.<\/li>\n<\/ul>\n<p>Durante la chiamata, l\u2019operatore ti dir\u00e0 quali documenti mancano per completare la valutazione.<\/li>\n<\/ol>\n<ol start=\"3\">\n<li><b>Che tipo di fatture sono accettate per le spese mediche? <\/b>In generale sono accettate:\n<ul>\n<li>fatture, notule, ricevute fiscali intestate all\u2019assicurato (o al genitore per i minori),<\/li>\n<li>relative a visite, esami, interventi, fisioterapia, ecc. collegati a quell\u2019infortunio.<\/li>\n<\/ul>\n<p>\u00c8 importante che sulla fattura ci sia la descrizione della prestazione, il nome del paziente e la data.<\/li>\n<\/ol>\n<p>[\/vc_toggle][vc_toggle title=&#8221;Lesioni, tabella lesioni e grandi interventi&#8221; custom_font_container=&#8221;tag:h3|font_size:20|text_align:left|color:%232E3538&#8243; custom_google_fonts=&#8221;font_family:Roboto%3A100%2C100italic%2C300%2C300italic%2Cregular%2Citalic%2C500%2C500italic%2C700%2C700italic%2C900%2C900italic|font_style:300%20light%20regular%3A300%3Anormal&#8221; css=&#8221;&#8221; use_custom_heading=&#8221;true&#8221;]<\/p>\n<ol>\n<li><strong> Cos&#8217;\u00e8 la Tabella Lesioni?<\/strong><br \/>\n\u00c8 un elenco ufficiale di lesioni (es. fratture, lussazioni, ecc.), ognuna con un codice e un importo fisso di indennizzo.<br \/>\nSe la tua lesione non rientrasse nella tabella, il sinistro potrebbe non essere indennizzabile per la parte \u201clesioni\u201d.<\/li>\n<\/ol>\n<ol start=\"2\">\n<li><strong> Come faccio a sapere se la mia lesione \u00e8 in tabella?<\/strong><br \/>\nNon devi occupartene tu, devi solo fornire la diagnosi medica chiara (es. \u201cfrattura del radio distale\u201d, \u201cfrattura del malleolo peroneale\u201d, ecc.). Sar\u00e0 l\u2019operatore a verificare, insieme alla Compagnia, se esiste una corrispondenza nella Tabella Lesioni.<\/li>\n<\/ol>\n<ol start=\"3\">\n<li><b>Una distorsione senza frattura \u00e8 coperta?<\/b><br \/>\nIn molti casi, una distorsione semplice senza lesione tabellata (senza frattura, rottura legamentosa\/meniscale operata, ecc.) non d\u00e0 diritto all\u2019indennizzo per lesioni.<br \/>\nAnche le spese mediche sono rimborsate solo in caso di lesione tabellata.Durante la chiamata ti verr\u00e0 chiesto:<\/p>\n<ul>\n<li>qual \u00e8 la diagnosi esatta sul certificato,<\/li>\n<li>se ci sono esami che documentano lesioni pi\u00f9 importanti.<\/li>\n<\/ul>\n<\/li>\n<\/ol>\n<ol start=\"4\">\n<li><strong>Cosa si intende per grandi interventi?<\/strong><br \/>\nSono interventi chirurgici particolarmente importanti (es. chirurgia maggiore ortopedica, neurochirurgia, cardiochirurgia, ecc.) elencati in uno specifico allegato.<br \/>\nSe il tuo intervento \u00e8 presente in questo elenco, pu\u00f2 essere previsto un massimale pi\u00f9 alto per le spese di ricovero e chirurgia.<\/li>\n<\/ol>\n<p>[\/vc_toggle][vc_toggle title=&#8221;Spese mediche, denti e immobilizzazioni&#8221; custom_font_container=&#8221;tag:h3|font_size:20|text_align:left|color:%232E3538&#8243; custom_google_fonts=&#8221;font_family:Roboto%3A100%2C100italic%2C300%2C300italic%2Cregular%2Citalic%2C500%2C500italic%2C700%2C700italic%2C900%2C900italic|font_style:300%20light%20regular%3A300%3Anormal&#8221; css=&#8221;&#8221; use_custom_heading=&#8221;true&#8221;]<\/p>\n<ol>\n<li><strong> Le spese mediche sono sempre rimborsate?<\/strong><br \/>\nNo, dipende:<\/p>\n<ul>\n<li>deve esserci un infortunio coperto e una lesione riconosciuta,<\/li>\n<li>il rimborso \u00e8 soggetto a massimali e franchigie (parte a tuo carico).<\/li>\n<\/ul>\n<p>Durante la chiamata ti chiederanno l\u2019elenco delle spese che hai sostenuto e se hai altre polizze.<\/li>\n<\/ol>\n<ol start=\"2\">\n<li><b>Le cure dentarie da trauma sono coperte?<\/b><br \/>\nS\u00ec, se l\u2019infortunio \u00e8 legato all\u2019attivit\u00e0 calcistica e se:<\/p>\n<ul>\n<li>c\u2019\u00e8 una <strong>lesione ai denti documentata<\/strong> (radiografie, referto)<\/li>\n<li>si tratta di rottura del dente o di lesioni strutturali (non solo dolore o sensibilit\u00e0).<\/li>\n<\/ul>\n<p>Potrebbero essere richiesti:<\/p>\n<ul>\n<li>referto medico o del dentista,<\/li>\n<li>documentazione radiologica,<\/li>\n<li>fatture delle cure.<\/li>\n<\/ul>\n<p>Le spese mediche sono rimborsate solo in caso di lesione tabellata e se l\u2019infortunio \u00e8 avvenuto durante una partita ufficiale. Sar\u00e0 richiesto anche il referto arbitrale su cui l\u2019arbitro dovr\u00e0 aver segnalato l\u2019infortunio.<\/li>\n<\/ol>\n<ol start=\"3\">\n<li><b>Ho portato un gesso o un tutore, ho diritto a qualcosa<\/b><br \/>\nLa polizza pu\u00f2 prevedere un&#8217;indennit\u00e0 fissa per immobilizzazioni (gesso o equivalente), ma solo se:<\/p>\n<ul>\n<li>l\u2019immobilizzazione \u00e8 stata prescritta da una struttura sanitaria per un trauma,<\/li>\n<li>c\u2019\u00e8 documentazione della applicazione e della rimozione.<\/li>\n<\/ul>\n<p>Tieni i certificati e le eventuali fatture del tutore.<\/li>\n<\/ol>\n<p>[\/vc_toggle][vc_toggle title=&#8221;IBAN, pagamenti e tempistiche&#8221; custom_font_container=&#8221;tag:h3|font_size:20|text_align:left|color:%232E3538&#8243; custom_google_fonts=&#8221;font_family:Roboto%3A100%2C100italic%2C300%2C300italic%2Cregular%2Citalic%2C500%2C500italic%2C700%2C700italic%2C900%2C900italic|font_style:300%20light%20regular%3A300%3Anormal&#8221; css=&#8221;&#8221; use_custom_heading=&#8221;true&#8221;]<\/p>\n<ol start=\"1\">\n<li><strong> Perch\u00e9 devo inviare l&#8217;IBAN nel modulo?<\/strong><br \/>\nL\u2019IBAN serve per poter effettuare il bonifico in caso di liquidazione.<\/p>\n<ul>\n<li>se sei minorenne, l\u2019IBAN pu\u00f2 essere intestato al genitore\/tutore,<\/li>\n<li>verifica sempre che l\u2019IBAN sia corretto: un errore rallenta o blocca il pagamento.<\/li>\n<\/ul>\n<\/li>\n<li><b>Quanto tempo ci vuole per avere una risposta sul sinistro?<\/b><br \/>\nI tempi dipendono da:<\/p>\n<ul>\n<li>completezza della documentazione,<\/li>\n<li>complessit\u00e0 del caso (es. ricovero, intervento),<\/li>\n<li>eventuali richieste di integrazioni.<\/li>\n<\/ul>\n<p>In condizioni normali, dopo che la pratica \u00e8 completa, la compagnia impiega in genere alcune settimane per valutare e comunicare l\u2019esito.<\/li>\n<li><b>Posso seguire lo stato della mia pratica online?<\/b><br \/>\nSe hai aperto il sinistro tramite il portale, \u00e8 possibile:<\/p>\n<ul>\n<li>accedere alla tua area personale,<\/li>\n<li>conoscere lo stato del sinistro (aperto, in valutazione, in attesa documenti, liquidato, ecc.),<\/li>\n<li>caricare nuovi documenti richiesti.<\/li>\n<\/ul>\n<p>In alternativa, puoi chiedere aggiornamenti telefonicamente fornendo numero di pratica o numero di ticket.<\/li>\n<\/ol>\n<p>[\/vc_toggle][vc_toggle title=&#8221;Altre domande frequenti&#8221; custom_font_container=&#8221;tag:h3|font_size:20|text_align:left|color:%232E3538&#8243; custom_google_fonts=&#8221;font_family:Roboto%3A100%2C100italic%2C300%2C300italic%2Cregular%2Citalic%2C500%2C500italic%2C700%2C700italic%2C900%2C900italic|font_style:300%20light%20regular%3A300%3Anormal&#8221; css=&#8221;&#8221; use_custom_heading=&#8221;true&#8221;]<\/p>\n<ol>\n<li><strong> Non trovo pi\u00f9 il tesserino FIGC, cosa faccio?<\/strong><br \/>\nNon \u00e8 un problema insormontabile:<\/p>\n<ul>\n<li>la societ\u00e0 pu\u00f2 confermare il tuo tesseramento tramite il tabulato calciatori,<\/li>\n<li>puoi chiedere una copia del certificato assicurativo o una attestazione.<\/li>\n<\/ul>\n<p>In chiamata devi fornire: nome della societ\u00e0, categoria, il tuo nome completo e il codice fiscale.<\/li>\n<\/ol>\n<ol start=\"2\">\n<li><strong> Ho un&#8217;altra assicurazione privata, posso usare anche quella?<\/strong><br \/>\nDi solito s\u00ec, la polizza FIGC \u00e8 cumulabile con altre polizze, tuttavia:<\/p>\n<ul>\n<li>ogni compagnia valuter\u00e0 le spese secondo le proprie condizioni,<\/li>\n<li>non si pu\u00f2 essere rimborsati due volte per la stessa spesa.<\/li>\n<\/ul>\n<p>Se hai altre polizze, fallo presente all\u2019operatore.<\/li>\n<\/ol>\n<ol start=\"3\">\n<li><b>Cosa succede se non sono d&#8217;accordo con l&#8217;esito del sinistro (es. pratica respinta o importo troppo basso)?<\/b>\n<ul>\n<li>puoi chiedere spiegazioni dettagliate all&#8217;operatore,<\/li>\n<li>puoi fornire documentazione aggiuntiva come nuovi referti, certificati e fatture,<\/li>\n<li>puoi presentare un reclamo formale secondo le modalit\u00e0 indicate nella lettera di esito (compagnia \/ broker \/ FIGC)<\/li>\n<\/ul>\n<\/li>\n<\/ol>\n<ol start=\"4\">\n<li><b>Posso aprire il sinistro anche se non ho ancora fatto tutti gli esami?<\/b><br \/>\nS\u00ec, anzi \u00e8 consigliabile aprirlo appena possibile:<\/p>\n<ul>\n<li>indicherai la diagnosi iniziale,<\/li>\n<li>potrai integrare successivamente con nuovi referti ed esami.<\/li>\n<\/ul>\n<\/li>\n<\/ol>\n<ol start=\"5\">\n<li><b>Chi deve chiamare se l&#8217;infortunato \u00e8 un minorenne?<\/b><br \/>\nDi norma deve chiamare o firmare la documentazione il genitore i il tutore legale. Servono:<\/p>\n<ul>\n<li>dati del minore,<\/li>\n<li>dati e contatti del genitore o del tutore legale,<\/li>\n<li>diagnosi e documenti medici.<\/li>\n<\/ul>\n<\/li>\n<\/ol>\n<ol start=\"6\">\n<li><b>Quali informazioni \u00e8 importante che io dica subito all&#8217;operatore?<\/b><br \/>\nDurante la chiamata, prepara queste informazioni:<\/p>\n<ul>\n<li>nome e cognome dell&#8217;infortunato (e del genitore, se minore),<\/li>\n<li>societ\u00e0 sportiva e categoria (es Allievi, Pulcini, femminile, paralimpico, dirigente),<\/li>\n<li>data, ora, luogo e dinamica dell&#8217;infortunio,<\/li>\n<li>diagnosi (cosa ha scritto il medico sul certificato)<\/li>\n<li>se hai fatto esami (RX, RMN, ecc.) e se c&#8217;\u00e8 stata un&#8217;operazione,<\/li>\n<li>se hai gi\u00e0 sostenuto spese mediche (s\u00ec, no e quali),<\/li>\n<li>se hai l&#8217;IBAN disponibile.<\/li>\n<\/ul>\n<\/li>\n<\/ol>\n<p>[\/vc_toggle][\/vc_column][\/vc_row]<\/p>\n<\/div>","protected":false},"excerpt":{"rendered":"<p>[vc_row content_placement=&#8221;middle&#8221;][vc_column][vc_single_image image=&#8221;49&#8243; img_size=&#8221;full&#8221; alignment=&#8221;center&#8221; css=&#8221;.vc_custom_1765471798523{margin-top: 0px !important;margin-bottom: 0px !important;border-top-width: 0px !important;padding-top: 0px !important;}&#8221;][vc_empty_space height=&#8221;40px&#8221;][\/vc_column][\/vc_row][vc_row][vc_column][vc_column_text css=&#8221;&#8221;] sportClaim \u00e8 la piattaforma digitale di PIB Italia per la gestione dei sinistri aperti dai tesserati FIGC La piattaforma ti consente di inoltrare le richieste di risarcimento, insieme alla documentazione necessaria, in modo completamente digitale. sportClaim offre un\u2019esperienza d\u2019uso &hellip;<\/p>\n","protected":false},"author":1,"featured_media":0,"parent":0,"menu_order":0,"comment_status":"closed","ping_status":"closed","template":"","meta":{"_genesis_block_theme_hide_title":false,"footnotes":""},"class_list":["post-13","page","type-page","status-publish","hentry","post","without-featured-image"],"featured_image_src":null,"featured_image_src_square":null,"_links":{"self":[{"href":"https:\/\/sportclaim.it\/index.php?rest_route=\/wp\/v2\/pages\/13","targetHints":{"allow":["GET"]}}],"collection":[{"href":"https:\/\/sportclaim.it\/index.php?rest_route=\/wp\/v2\/pages"}],"about":[{"href":"https:\/\/sportclaim.it\/index.php?rest_route=\/wp\/v2\/types\/page"}],"author":[{"embeddable":true,"href":"https:\/\/sportclaim.it\/index.php?rest_route=\/wp\/v2\/users\/1"}],"replies":[{"embeddable":true,"href":"https:\/\/sportclaim.it\/index.php?rest_route=%2Fwp%2Fv2%2Fcomments&post=13"}],"version-history":[{"count":3,"href":"https:\/\/sportclaim.it\/index.php?rest_route=\/wp\/v2\/pages\/13\/revisions"}],"predecessor-version":[{"id":79,"href":"https:\/\/sportclaim.it\/index.php?rest_route=\/wp\/v2\/pages\/13\/revisions\/79"}],"wp:attachment":[{"href":"https:\/\/sportclaim.it\/index.php?rest_route=%2Fwp%2Fv2%2Fmedia&parent=13"}],"curies":[{"name":"wp","href":"https:\/\/api.w.org\/{rel}","templated":true}]}}